{"id":43283,"date":"2026-01-02T15:10:24","date_gmt":"2026-01-02T15:10:24","guid":{"rendered":"https:\/\/relywp.com\/?page_id=43283"},"modified":"2026-01-02T15:52:27","modified_gmt":"2026-01-02T15:52:27","slug":"programme-daffiliation","status":"publish","type":"page","link":"https:\/\/relywp.com\/fr\/programme-daffiliation\/","title":{"rendered":"Programme d'affiliation"},"content":{"rendered":"<h2 class=\"wp-block-heading\">Rejoignez notre programme d'affiliation<\/h2>\n\n\n\n<p>Faites conna\u00eetre nos plugins et gagnez 20% sur chaque vente r\u00e9f\u00e9renc\u00e9e au cours des 12 premiers mois !<\/p>\n\n\n\n<div style=\"height:10px\" aria-hidden=\"true\" class=\"wp-block-spacer\"><\/div>\n\n\n<form action=\"https:\/\/relywp.com\/fr\/wp-json\/ws-form\/v1\/submit\" class=\"wsf-form wsf-form-canvas\" id=\"ws-form-1\" data-id=\"3\"  data-instance-id=\"1\"  method=\"POST\" data-wsf-style-id=\"1\" data-trp-original-action=\"https:\/\/relywp.com\/fr\/wp-json\/ws-form\/v1\/submit\"><input type=\"hidden\" name=\"trp-form-language\" value=\"fr\"\/><\/form>","protected":false},"excerpt":{"rendered":"<p>Rejoignez notre programme d'affiliation Faites conna\u00eetre nos plugins et gagnez 20% sur chaque vente r\u00e9f\u00e9renc\u00e9e au cours des 12 premiers mois ! [...]<\/p>\n<p><a class=\"btn btn-secondary understrap-read-more-link\" href=\"https:\/\/relywp.com\/fr\/programme-daffiliation\/\">Lire la suite...<span class=\"screen-reader-text\"> du programme d'affiliation<\/span><\/a><\/p>","protected":false},"author":1,"featured_media":0,"parent":0,"menu_order":0,"comment_status":"closed","ping_status":"closed","template":"page-templates\/fullwidthpage.php","meta":{"_acf_changed":false,"footnotes":"","_links_to":"","_links_to_target":""},"class_list":["post-43283","page","type-page","status-publish","hentry"],"acf":[],"brizy_media":[],"_links":{"self":[{"href":"https:\/\/relywp.com\/fr\/wp-json\/wp\/v2\/pages\/43283","targetHints":{"allow":["GET"]}}],"collection":[{"href":"https:\/\/relywp.com\/fr\/wp-json\/wp\/v2\/pages"}],"about":[{"href":"https:\/\/relywp.com\/fr\/wp-json\/wp\/v2\/types\/page"}],"author":[{"embeddable":true,"href":"https:\/\/relywp.com\/fr\/wp-json\/wp\/v2\/users\/1"}],"replies":[{"embeddable":true,"href":"https:\/\/relywp.com\/fr\/wp-json\/wp\/v2\/comments?post=43283"}],"version-history":[{"count":10,"href":"https:\/\/relywp.com\/fr\/wp-json\/wp\/v2\/pages\/43283\/revisions"}],"predecessor-version":[{"id":43297,"href":"https:\/\/relywp.com\/fr\/wp-json\/wp\/v2\/pages\/43283\/revisions\/43297"}],"wp:attachment":[{"href":"https:\/\/relywp.com\/fr\/wp-json\/wp\/v2\/media?parent=43283"}],"curies":[{"name":"wp","href":"https:\/\/api.w.org\/{rel}","templated":true}]}}