{"id":42487,"date":"2025-11-18T16:03:47","date_gmt":"2025-11-18T16:03:47","guid":{"rendered":"https:\/\/relywp.com\/?page_id=42487"},"modified":"2026-03-18T15:13:20","modified_gmt":"2026-03-18T15:13:20","slug":"a-propos-de","status":"publish","type":"page","link":"https:\/\/relywp.com\/fr\/a-propos-de\/","title":{"rendered":"\u00c0 propos de RelyWP"},"content":{"rendered":"<div style=\"height:20px\" aria-hidden=\"true\" class=\"wp-block-spacer\"><\/div>\n\n\n\n<h1 class=\"wp-block-heading\">\u00c0 propos de RelyWP<\/h1>\n\n\n\n<div style=\"height:20px\" aria-hidden=\"true\" class=\"wp-block-spacer\"><\/div>\n\n\n<div class=\"wp-block-image\">\n<figure class=\"alignright size-full\"><img loading=\"lazy\" decoding=\"async\" width=\"200\" height=\"200\" src=\"https:\/\/relywp.com\/wp-content\/uploads\/2025\/11\/elliot-white-bg-circle-profile.png\" alt=\"\" class=\"wp-image-42490\" srcset=\"https:\/\/relywp.com\/wp-content\/uploads\/2025\/11\/elliot-white-bg-circle-profile.png 200w, https:\/\/relywp.com\/wp-content\/uploads\/2025\/11\/elliot-white-bg-circle-profile-150x150.png 150w, https:\/\/relywp.com\/wp-content\/uploads\/2025\/11\/elliot-white-bg-circle-profile-12x12.png 12w\" sizes=\"auto, (max-width: 200px) 100vw, 200px\" \/><\/figure><\/div>\n\n\n<p>RelyWP est une soci\u00e9t\u00e9 de d\u00e9veloppement WordPress fond\u00e9e par Elliot Sowersby, un d\u00e9veloppeur bas\u00e9 \u00e0 Bridlington, dans le Yorkshire, au Royaume-Uni.<\/p>\n\n\n\n<p>A l'origine, RelyWP \u00e9tait une soci\u00e9t\u00e9 de services WordPress qui proposait des plans de d\u00e9veloppement et de maintenance de sites web. Aujourd'hui, RelyWP est une soci\u00e9t\u00e9 sp\u00e9cialis\u00e9e dans le d\u00e9veloppement de plugins.<\/p>\n\n\n\n<p>Aujourd'hui, l'entreprise se concentre principalement sur le d\u00e9veloppement de plugins WordPress de haute qualit\u00e9, qui ont atteint plus de 145 000 installations actives combin\u00e9es.<\/p>\n\n\n\n<h2 class=\"wp-block-heading\">Notre histoire<\/h2>\n\n\n\n<p>L'aventure a commenc\u00e9 en 2009 lorsque le fondateur Elliot Sowersby a appris \u00e0 coder en PHP pour cr\u00e9er un syst\u00e8me de gestion de tournois personnalis\u00e9, afin de pouvoir organiser ses propres tournois de jeux comp\u00e9titifs pour des milliers de joueurs.<\/p>\n\n\n\n<p>Apr\u00e8s avoir \u00e9tudi\u00e9 les TIC au coll\u00e8ge, puis obtenu un BSc (Hons) en informatique \u00e0 l'universit\u00e9 de Hull en 2016, il a pass\u00e9 des ann\u00e9es \u00e0 d\u00e9velopper des sites pour de nombreuses marques dans le monde entier, telles que The Fragrance Shop, Bluesound et Contently.<\/p>\n\n\n\n<p>RelyWP a \u00e9t\u00e9 officiellement lanc\u00e9 en 2019, passant d'un travail en freelance \u00e0 une soci\u00e9t\u00e9 \u00e0 responsabilit\u00e9 limit\u00e9e.<\/p>\n\n\n\n<p>Initialement ax\u00e9e sur les services aux clients, l'entreprise a commenc\u00e9 en 2022 \u00e0 se concentrer sur le d\u00e9veloppement de plugins \u00e0 la suite du succ\u00e8s de projets tels que le <a href=\"https:\/\/couponaffiliates.com\/\" target=\"_blank\" rel=\"noopener\"><span style=\"text-decoration: underline;\">Coupons affili\u00e9s<\/span><\/a> et le projet de plugin gratuit d'Elliot, <a href=\"https:\/\/wordpress.org\/plugins\/simple-cloudflare-turnstile\/\" target=\"_blank\" rel=\"noopener\"><span style=\"text-decoration: underline;\">Tourniquet Cloudflare simple<\/span><\/a>.<\/p>\n\n\n\n<p>Vous pouvez en savoir plus sur l'histoire d'Elliot Sowersby avec WordPress <a href=\"https:\/\/elliotsowersby.com\/about\/\" target=\"_blank\" rel=\"noopener\"><span style=\"text-decoration: underline;\">ici<\/span><\/a>.<\/p>\n\n\n\n<h2 class=\"wp-block-heading\">RelyWP aujourd'hui<\/h2>\n\n\n\n<p>Depuis 2025, le d\u00e9veloppement de plugins est devenu presque 100% de l'objectif de RelyWP, et l'entreprise s'est compl\u00e8tement retir\u00e9e des services aux clients.<\/p>\n\n\n\n<p>Pour ce qui est de l'avenir, RelyWP vise simplement \u00e0 continuer \u00e0 d\u00e9velopper et \u00e0 am\u00e9liorer sa suite de plugins existants, tout en offrant un support de haute qualit\u00e9.<\/p>\n\n\n\n<p>Nous sommes ouverts \u00e0 la cr\u00e9ation de nouveaux plugins utiles au cours des prochaines ann\u00e9es si nous voyons une bonne opportunit\u00e9.<\/p>","protected":false},"excerpt":{"rendered":"<p>\u00c0 propos de RelyWP RelyWP est une soci\u00e9t\u00e9 de d\u00e9veloppement WordPress fond\u00e9e par Elliot Sowersby, un d\u00e9veloppeur bas\u00e9 \u00e0 Bridlington, dans le Yorkshire, au Royaume-Uni. A l'origine, RelyWP \u00e9tait une soci\u00e9t\u00e9 de services WordPress, offrant des plans de d\u00e9veloppement et de maintenance de sites web, mais c'est aujourd'hui une soci\u00e9t\u00e9 sp\u00e9cialis\u00e9e dans le d\u00e9veloppement de plugins. Aujourd'hui, l'objectif principal de l'entreprise est de d\u00e9velopper des plugins WordPress de haute qualit\u00e9, qui ont atteint plus de 145 000 [...]<\/p>\n<p><a class=\"btn btn-secondary understrap-read-more-link\" href=\"https:\/\/relywp.com\/fr\/a-propos-de\/\">Lire la suite...<span class=\"screen-reader-text\"> de \u00c0 propos de RelyWP<\/span><\/a><\/p>","protected":false},"author":1,"featured_media":0,"parent":0,"menu_order":0,"comment_status":"closed","ping_status":"closed","template":"page-templates\/fullwidthpage.php","meta":{"_acf_changed":false,"footnotes":"","_links_to":"","_links_to_target":""},"class_list":["post-42487","page","type-page","status-publish","hentry"],"acf":[],"brizy_media":[],"_links":{"self":[{"href":"https:\/\/relywp.com\/fr\/wp-json\/wp\/v2\/pages\/42487","targetHints":{"allow":["GET"]}}],"collection":[{"href":"https:\/\/relywp.com\/fr\/wp-json\/wp\/v2\/pages"}],"about":[{"href":"https:\/\/relywp.com\/fr\/wp-json\/wp\/v2\/types\/page"}],"author":[{"embeddable":true,"href":"https:\/\/relywp.com\/fr\/wp-json\/wp\/v2\/users\/1"}],"replies":[{"embeddable":true,"href":"https:\/\/relywp.com\/fr\/wp-json\/wp\/v2\/comments?post=42487"}],"version-history":[{"count":50,"href":"https:\/\/relywp.com\/fr\/wp-json\/wp\/v2\/pages\/42487\/revisions"}],"predecessor-version":[{"id":43900,"href":"https:\/\/relywp.com\/fr\/wp-json\/wp\/v2\/pages\/42487\/revisions\/43900"}],"wp:attachment":[{"href":"https:\/\/relywp.com\/fr\/wp-json\/wp\/v2\/media?parent=42487"}],"curies":[{"name":"wp","href":"https:\/\/api.w.org\/{rel}","templated":true}]}}