{"id":37933,"date":"2025-02-12T21:37:00","date_gmt":"2025-02-12T21:37:00","guid":{"rendered":"https:\/\/relywp.com\/?page_id=37933"},"modified":"2025-02-12T21:37:02","modified_gmt":"2025-02-12T21:37:02","slug":"formulaire-wp","status":"publish","type":"page","link":"https:\/\/relywp.com\/fr\/formulaire-wp\/","title":{"rendered":"Formulaire WP"},"content":{"rendered":"<div class=\"wpforms-container wpforms-container-full\" id=\"wpforms-27587\"><form id=\"wpforms-form-27587\" class=\"wpforms-validate wpforms-form wpforms-ajax-form\" data-formid=\"27587\" method=\"post\" enctype=\"multipart\/form-data\" action=\"\/fr\/wp-json\/wp\/v2\/pages\/37933\" data-token=\"8cd31754143a25fc13cf9727a47c97ef\" data-token-time=\"1777553489\" data-trp-original-action=\"\/fr\/wp-json\/wp\/v2\/pages\/37933\"><noscript class=\"wpforms-error-noscript\">Veuillez activer JavaScript dans votre navigateur pour remplir ce formulaire.<\/noscript><div class=\"wpforms-field-container\"><div id=\"wpforms-27587-field_0-container\" class=\"wpforms-field wpforms-field-name\" data-field-id=\"0\"><label class=\"wpforms-field-label\" for=\"wpforms-27587-field_0\">Nom <span class=\"wpforms-required-label\">*<\/span><\/label><input type=\"text\" id=\"wpforms-27587-field_0\" class=\"wpforms-field-medium wpforms-field-required\" name=\"wpforms[fields][0]\" required><\/div><div id=\"wpforms-27587-field_4-container\" class=\"wpforms-field wpforms-field-payment-select wpforms-field-select-style-modern\" data-field-id=\"4\"><label class=\"wpforms-field-label\" for=\"wpforms-27587-field_4\">Sujet <span class=\"wpforms-required-label\">*<\/span><\/label><select id=\"wpforms-27587-field_4\" class=\"wpforms-payment-price wpforms-field-medium wpforms-field-required choicesjs-select\" data-size-class=\"wpforms-field-row wpforms-field-medium\" data-search-enabled=\"1\" name=\"wpforms[fields][4]\" required=\"required\"><option value=\"\" class=\"placeholder\" disabled selected='selected'>-<\/option><option value=\"10\" data-amount=\"0.00\" data-custom-properties=\"0.00\" >Plugin : Turnstile simple de Cloudflare<\/option><option value=\"11\" data-amount=\"0.00\" data-custom-properties=\"0.00\" >Plugin : reCAPTCHA pour WooCommerce<\/option><option value=\"2\" data-amount=\"0.00\" data-custom-properties=\"0.00\" >Plugin : Coupon Affiliates<\/option><option value=\"3\" data-amount=\"0.00\" data-custom-properties=\"0.00\" >Plugin : Tax Exemption for WooCommerce<\/option><option value=\"4\" data-amount=\"0.00\" data-custom-properties=\"0.00\" >Plugin : Rapports clients avanc\u00e9s<\/option><option value=\"5\" data-amount=\"0.00\" data-custom-properties=\"0.00\" >Plugin : Meilleures restrictions pour les coupons<\/option><option value=\"6\" data-amount=\"0.00\" data-custom-properties=\"0.00\" >Plugin : AI Text to Speech<\/option><option value=\"1\" data-amount=\"0.00\" data-custom-properties=\"0.00\" >Question g\u00e9n\u00e9rale<\/option><option value=\"9\" data-amount=\"0.00\" data-custom-properties=\"0.00\" >Plans de soins<\/option><option value=\"8\" data-amount=\"0.00\" data-custom-properties=\"0.00\" >H\u00e9bergement g\u00e9r\u00e9<\/option><option value=\"7\" data-amount=\"0.00\" data-custom-properties=\"0.00\" >Partenariats<\/option><option value=\"12\" data-amount=\"0.00\" data-custom-properties=\"0.00\" >Acquisitions<\/option><\/select><\/div><div id=\"wpforms-27587-field_3-container\" class=\"wpforms-field wpforms-field-text\" data-field-id=\"3\"><label class=\"wpforms-field-label\" for=\"wpforms-27587-field_3\">Site web<\/label><input type=\"text\" id=\"wpforms-27587-field_3\" class=\"wpforms-field-medium\" name=\"wpforms[fields][3]\" ><\/div><div id=\"wpforms-27587-field_1-container\" class=\"wpforms-field wpforms-field-email\" data-field-id=\"1\"><label class=\"wpforms-field-label\" for=\"wpforms-27587-field_1\">Courriel <span class=\"wpforms-required-label\">*<\/span><\/label><input type=\"email\" id=\"wpforms-27587-field_1\" class=\"wpforms-field-medium wpforms-field-required\" name=\"wpforms[fields][1]\" spellcheck=\"false\" required><\/div><div id=\"wpforms-27587-field_2-container\" class=\"wpforms-field wpforms-field-textarea\" data-field-id=\"2\"><label class=\"wpforms-field-label\" for=\"wpforms-27587-field_2\">Commentaire ou message<\/label><textarea id=\"wpforms-27587-field_2\" class=\"wpforms-field-medium\" name=\"wpforms[fields][2]\" ><\/textarea><\/div><\/div><!-- .wpforms-field-container --><div class=\"wpforms-submit-container\" ><input type=\"hidden\" name=\"wpforms[id]\" value=\"27587\"><input type=\"hidden\" name=\"page_title\" value=\"\"><input type=\"hidden\" name=\"page_url\" value=\"https:\/\/relywp.com\/fr\/wp-json\/wp\/v2\/pages\/37933\"><input type=\"hidden\" name=\"url_referer\" value=\"\">\t\t<div id=\"cf-turnstile-wpf-3108536146\"\r\n\t\tclass=\"cf-turnstile\" \t\tdata-sitekey=\"0x4AAAAAAAA4FMTWhONsCojQ\"\r\n\t\tdata-theme=\"light\"\r\n\t\tdata-language=\"auto\"\r\n\t\tdata-size=\"normal\"\r\n\t\tdata-retry=\"auto\" data-retry-interval=\"1000\"\r\n\t\tdata-refresh-expired=\"auto\"\r\n\t\tdata-refresh-timeout=\"auto\"\r\n\t\tdata-action=\"wpforms-27587\"\r\n\t\tdata-callback=\"turnstileWPFCallback\"\r\n\t\t\t\tdata-appearance=\"always\"><\/div>\r\n\t\t\t<script>document.addEventListener(\"DOMContentLoaded\", function() { setTimeout(function(){ var e=document.getElementById(\"cf-turnstile-wpf-3108536146\"); if(e&&!e.innerHTML.trim()){turnstile.render(e, {sitekey:\"0x4AAAAAAAA4FMTWhONsCojQ\"});} }, 200); });<\/script>\r\n\t\t\t<br class=\"cf-turnstile-br cf-turnstile-br-wpf-3108536146\">\r\n\t\t\t\t<style>#cf-turnstile-wpf-3108536146 { margin-left: -15px; }<\/style>\r\n\t\t<button type=\"submit\" name=\"wpforms[submit]\" id=\"wpforms-submit-27587\" class=\"wpforms-submit\" data-alt-text=\"Sending...\" data-submit-text=\"Submit\" aria-live=\"assertive\" value=\"wpforms-submit\">Soumettre<\/button><img loading=\"lazy\" decoding=\"async\" src=\"https:\/\/relywp.com\/wp-content\/plugins\/wpforms-lite\/assets\/images\/submit-spin.svg\" class=\"wpforms-submit-spinner\" style=\"display: none;\" width=\"26\" height=\"26\" alt=\"Chargement en cours\"><\/div><input type=\"hidden\" name=\"trp-form-language\" value=\"fr\"\/><\/form><\/div>  <!-- .wpforms-container -->","protected":false},"excerpt":{"rendered":"<p> [&#8230;]<\/p>\n<p><a class=\"btn btn-secondary understrap-read-more-link\" href=\"https:\/\/relywp.com\/fr\/formulaire-wp\/\">Lire la suite...<span class=\"screen-reader-text\"> de WP Form<\/span><\/a><\/p>","protected":false},"author":1,"featured_media":0,"parent":0,"menu_order":0,"comment_status":"closed","ping_status":"closed","template":"","meta":{"_acf_changed":false,"footnotes":"","_links_to":"","_links_to_target":""},"class_list":["post-37933","page","type-page","status-publish","hentry"],"acf":[],"brizy_media":[],"_links":{"self":[{"href":"https:\/\/relywp.com\/fr\/wp-json\/wp\/v2\/pages\/37933","targetHints":{"allow":["GET"]}}],"collection":[{"href":"https:\/\/relywp.com\/fr\/wp-json\/wp\/v2\/pages"}],"about":[{"href":"https:\/\/relywp.com\/fr\/wp-json\/wp\/v2\/types\/page"}],"author":[{"embeddable":true,"href":"https:\/\/relywp.com\/fr\/wp-json\/wp\/v2\/users\/1"}],"replies":[{"embeddable":true,"href":"https:\/\/relywp.com\/fr\/wp-json\/wp\/v2\/comments?post=37933"}],"version-history":[{"count":1,"href":"https:\/\/relywp.com\/fr\/wp-json\/wp\/v2\/pages\/37933\/revisions"}],"predecessor-version":[{"id":37935,"href":"https:\/\/relywp.com\/fr\/wp-json\/wp\/v2\/pages\/37933\/revisions\/37935"}],"wp:attachment":[{"href":"https:\/\/relywp.com\/fr\/wp-json\/wp\/v2\/media?parent=37933"}],"curies":[{"name":"wp","href":"https:\/\/api.w.org\/{rel}","templated":true}]}}