{"id":5371,"date":"2019-11-26T13:58:57","date_gmt":"2019-11-26T13:58:57","guid":{"rendered":"http:\/\/80a92d293d.nxcli.io\/?page_id=5371"},"modified":"2019-11-26T13:59:43","modified_gmt":"2019-11-26T13:59:43","slug":"consulta-ppc-gratuita","status":"publish","type":"page","link":"https:\/\/relywp.com\/es\/consulta-ppc-gratuita\/","title":{"rendered":"Consulta PPC gratuita"},"content":{"rendered":"<p>Le proporcionaremos una consulta PPC gratuita que le ayudar\u00e1 a comprender lo que se necesita para configurar y optimizar una campa\u00f1a PPC. No hay riesgo, no hay obligaci\u00f3n y no se requiere ning\u00fan pago.<\/p>\n<p><strong>Para empezar, rellene el siguiente formulario.<\/strong><\/p>\n<p>[contact-form-7 id=\"5370\u2033 title=\"Consulta PPC gratuita\"]<\/p>","protected":false},"excerpt":{"rendered":"<p>Le proporcionaremos una consulta PPC gratuita que le ayudar\u00e1 a comprender lo que se necesita para configurar y optimizar una campa\u00f1a PPC. No hay riesgo, no hay obligaci\u00f3n y no se requiere ning\u00fan pago. Para empezar, rellene el siguiente formulario. [contact-form-7 id=\"5370\u2033 title=\"Consulta PPC gratuita\"] [...]<\/p>\n<p><a class=\"btn btn-secondary understrap-read-more-link\" href=\"https:\/\/relywp.com\/es\/consulta-ppc-gratuita\/\">Leer m\u00e1s...<span class=\"screen-reader-text\"> de Consulta PPC gratuita<\/span><\/a><\/p>","protected":false},"author":1,"featured_media":0,"parent":0,"menu_order":0,"comment_status":"closed","ping_status":"closed","template":"","meta":{"_acf_changed":false,"footnotes":"","_links_to":"","_links_to_target":""},"class_list":["post-5371","page","type-page","status-publish","hentry"],"acf":[],"brizy_media":[],"_links":{"self":[{"href":"https:\/\/relywp.com\/es\/wp-json\/wp\/v2\/pages\/5371","targetHints":{"allow":["GET"]}}],"collection":[{"href":"https:\/\/relywp.com\/es\/wp-json\/wp\/v2\/pages"}],"about":[{"href":"https:\/\/relywp.com\/es\/wp-json\/wp\/v2\/types\/page"}],"author":[{"embeddable":true,"href":"https:\/\/relywp.com\/es\/wp-json\/wp\/v2\/users\/1"}],"replies":[{"embeddable":true,"href":"https:\/\/relywp.com\/es\/wp-json\/wp\/v2\/comments?post=5371"}],"version-history":[{"count":2,"href":"https:\/\/relywp.com\/es\/wp-json\/wp\/v2\/pages\/5371\/revisions"}],"predecessor-version":[{"id":5373,"href":"https:\/\/relywp.com\/es\/wp-json\/wp\/v2\/pages\/5371\/revisions\/5373"}],"wp:attachment":[{"href":"https:\/\/relywp.com\/es\/wp-json\/wp\/v2\/media?parent=5371"}],"curies":[{"name":"wp","href":"https:\/\/api.w.org\/{rel}","templated":true}]}}