{"id":42487,"date":"2025-11-18T16:03:47","date_gmt":"2025-11-18T16:03:47","guid":{"rendered":"https:\/\/relywp.com\/?page_id=42487"},"modified":"2026-03-18T15:13:20","modified_gmt":"2026-03-18T15:13:20","slug":"acerca-de","status":"publish","type":"page","link":"https:\/\/relywp.com\/es\/acerca-de\/","title":{"rendered":"Acerca de RelyWP"},"content":{"rendered":"<div style=\"height:20px\" aria-hidden=\"true\" class=\"wp-block-spacer\"><\/div>\n\n\n\n<h1 class=\"wp-block-heading\">Acerca de RelyWP<\/h1>\n\n\n\n<div style=\"height:20px\" aria-hidden=\"true\" class=\"wp-block-spacer\"><\/div>\n\n\n<div class=\"wp-block-image\">\n<figure class=\"alignright size-full\"><img loading=\"lazy\" decoding=\"async\" width=\"200\" height=\"200\" src=\"https:\/\/relywp.com\/wp-content\/uploads\/2025\/11\/elliot-white-bg-circle-profile.png\" alt=\"\" class=\"wp-image-42490\" srcset=\"https:\/\/relywp.com\/wp-content\/uploads\/2025\/11\/elliot-white-bg-circle-profile.png 200w, https:\/\/relywp.com\/wp-content\/uploads\/2025\/11\/elliot-white-bg-circle-profile-150x150.png 150w, https:\/\/relywp.com\/wp-content\/uploads\/2025\/11\/elliot-white-bg-circle-profile-12x12.png 12w\" sizes=\"auto, (max-width: 200px) 100vw, 200px\" \/><\/figure><\/div>\n\n\n<p>RelyWP es una empresa de desarrollo de WordPress fundada por Elliot Sowersby, un desarrollador afincado en Bridlington, Yorkshire, Reino Unido.<\/p>\n\n\n\n<p>RelyWP, que comenz\u00f3 como una empresa de servicios de WordPress que ofrec\u00eda desarrollo de sitios web y planes de atenci\u00f3n, es ahora una empresa dedicada al desarrollo de plugins.<\/p>\n\n\n\n<p>En la actualidad, el principal objetivo de la empresa es desarrollar plugins de WordPress de alta calidad, que han alcanzado m\u00e1s de 145.000 instalaciones activas combinadas.<\/p>\n\n\n\n<h2 class=\"wp-block-heading\">Nuestra historia<\/h2>\n\n\n\n<p>El viaje comenz\u00f3 en 2009, cuando su fundador, Elliot Sowersby, aprendi\u00f3 por su cuenta c\u00f3digo PHP para crear un sistema de gesti\u00f3n de torneos personalizado que le permitiera organizar sus propios torneos de juegos competitivos para miles de jugadores.<\/p>\n\n\n\n<p>Tras estudiar TIC en el College, y despu\u00e9s graduarse en BSc (Hons) in Computer Science por la Universidad de Hull en 2016, pas\u00f3 a\u00f1os desarrollando sitios para muchas marcas de todo el mundo, como The Fragrance Shop, Bluesound y Contently.<\/p>\n\n\n\n<p>RelyWP se lanz\u00f3 oficialmente en 2019, haciendo la transici\u00f3n del trabajo freelance a una sociedad limitada.<\/p>\n\n\n\n<p>Aunque en un principio se centr\u00f3 en los servicios al cliente, en 2022 la empresa comenz\u00f3 a centrarse en el desarrollo de plugins tras el \u00e9xito de proyectos como el <a href=\"https:\/\/couponaffiliates.com\/\" target=\"_blank\" rel=\"noopener\"><span style=\"text-decoration: underline;\">Afiliados al cup\u00f3n<\/span><\/a> y el proyecto de plugin gratuito de Elliot, <a href=\"https:\/\/wordpress.org\/plugins\/simple-cloudflare-turnstile\/\" target=\"_blank\" rel=\"noopener\"><span style=\"text-decoration: underline;\">Torniquete simple de Cloudflare<\/span><\/a>.<\/p>\n\n\n\n<p>M\u00e1s informaci\u00f3n sobre la historia de Elliot Sowersby en WordPress <a href=\"https:\/\/elliotsowersby.com\/about\/\" target=\"_blank\" rel=\"noopener\"><span style=\"text-decoration: underline;\">aqu\u00ed<\/span><\/a>.<\/p>\n\n\n\n<h2 class=\"wp-block-heading\">RelyWP hoy<\/h2>\n\n\n\n<p>Desde 2025, el desarrollo de plugins se ha convertido en casi 100% el centro de atenci\u00f3n de RelyWP, y la empresa ha eliminado por completo los servicios al cliente.<\/p>\n\n\n\n<p>En cuanto al futuro, RelyWP pretende simplemente seguir desarrollando y mejorando su actual conjunto de plugins, al tiempo que ofrece un soporte de alta calidad.<\/p>\n\n\n\n<p>Estamos abiertos a crear nuevos plugins \u00fatiles en los pr\u00f3ximos a\u00f1os si vemos una buena oportunidad.<\/p>","protected":false},"excerpt":{"rendered":"<p>Acerca de RelyWP RelyWP es una empresa de desarrollo de WordPress fundada por Elliot Sowersby, un desarrollador afincado en Bridlington, Yorkshire, Reino Unido. RelyWP comenz\u00f3 como una empresa de servicios de WordPress que ofrec\u00eda planes de desarrollo y cuidado de sitios web, pero ahora es una empresa dedicada al desarrollo de plugins. En la actualidad, el principal objetivo de la empresa es el desarrollo de plugins de WordPress de alta calidad, que han alcanzado m\u00e1s de 145.000 [...]<\/p>\n<p><a class=\"btn btn-secondary understrap-read-more-link\" href=\"https:\/\/relywp.com\/es\/acerca-de\/\">Leer m\u00e1s...<span class=\"screen-reader-text\"> de Acerca de RelyWP<\/span><\/a><\/p>","protected":false},"author":1,"featured_media":0,"parent":0,"menu_order":0,"comment_status":"closed","ping_status":"closed","template":"page-templates\/fullwidthpage.php","meta":{"_acf_changed":false,"footnotes":"","_links_to":"","_links_to_target":""},"class_list":["post-42487","page","type-page","status-publish","hentry"],"acf":[],"brizy_media":[],"_links":{"self":[{"href":"https:\/\/relywp.com\/es\/wp-json\/wp\/v2\/pages\/42487","targetHints":{"allow":["GET"]}}],"collection":[{"href":"https:\/\/relywp.com\/es\/wp-json\/wp\/v2\/pages"}],"about":[{"href":"https:\/\/relywp.com\/es\/wp-json\/wp\/v2\/types\/page"}],"author":[{"embeddable":true,"href":"https:\/\/relywp.com\/es\/wp-json\/wp\/v2\/users\/1"}],"replies":[{"embeddable":true,"href":"https:\/\/relywp.com\/es\/wp-json\/wp\/v2\/comments?post=42487"}],"version-history":[{"count":50,"href":"https:\/\/relywp.com\/es\/wp-json\/wp\/v2\/pages\/42487\/revisions"}],"predecessor-version":[{"id":43900,"href":"https:\/\/relywp.com\/es\/wp-json\/wp\/v2\/pages\/42487\/revisions\/43900"}],"wp:attachment":[{"href":"https:\/\/relywp.com\/es\/wp-json\/wp\/v2\/media?parent=42487"}],"curies":[{"name":"wp","href":"https:\/\/api.w.org\/{rel}","templated":true}]}}